{"id":379,"date":"2020-01-27T16:31:18","date_gmt":"2020-01-27T16:31:18","guid":{"rendered":"http:\/\/www.casahoward.com\/it\/?page_id=379"},"modified":"2023-06-22T13:08:43","modified_gmt":"2023-06-22T13:08:43","slug":"guest-house-videos-florence","status":"publish","type":"page","link":"https:\/\/www.casahoward.com\/it\/guest-house-videos-florence\/","title":{"rendered":"Video"},"content":{"rendered":"\t\t<div data-elementor-type=\"wp-page\" data-elementor-id=\"379\" class=\"elementor elementor-379\">\n\t\t\t\t\t\t<div class=\"elementor-inner\">\n\t\t\t\t<div class=\"elementor-section-wrap\">\n\t\t\t\t\t\t\t\t\t<section class=\"elementor-section elementor-top-section elementor-element elementor-element-1a2f59ac elementor-section-full_width elementor-section-height-min-height elementor-section-height-default elementor-section-items-middle\" data-id=\"1a2f59ac\" data-element_type=\"section\" data-settings=\"{&quot;background_background&quot;:&quot;classic&quot;}\">\n\t\t\t\t\t\t\t<div class=\"elementor-background-overlay\"><\/div>\n\t\t\t\t\t\t\t<div class=\"elementor-container elementor-column-gap-default\">\n\t\t\t\t\t\t\t<div class=\"elementor-row\">\n\t\t\t\t\t<div class=\"elementor-column elementor-col-100 elementor-top-column elementor-element elementor-element-10243bc9\" data-id=\"10243bc9\" data-element_type=\"column\">\n\t\t\t<div class=\"elementor-column-wrap\">\n\t\t\t\t\t\t\t<div class=\"elementor-widget-wrap\">\n\t\t\t\t\t\t\t\t<\/div>\n\t\t\t\t\t<\/div>\n\t\t<\/div>\n\t\t\t\t\t\t\t\t<\/div>\n\t\t\t\t\t<\/div>\n\t\t<\/section>\n\t\t\t\t<section class=\"elementor-section elementor-top-section elementor-element elementor-element-5249833 elementor-section-boxed elementor-section-height-default elementor-section-height-default\" data-id=\"5249833\" data-element_type=\"section\">\n\t\t\t\t\t\t<div class=\"elementor-container elementor-column-gap-default\">\n\t\t\t\t\t\t\t<div class=\"elementor-row\">\n\t\t\t\t\t<div class=\"elementor-column elementor-col-100 elementor-top-column elementor-element elementor-element-46a271f0\" data-id=\"46a271f0\" data-element_type=\"column\">\n\t\t\t<div class=\"elementor-column-wrap elementor-element-populated\">\n\t\t\t\t\t\t\t<div class=\"elementor-widget-wrap\">\n\t\t\t\t\t\t<div class=\"elementor-element elementor-element-72d18d08 elementor-widget elementor-widget-heading\" data-id=\"72d18d08\" data-element_type=\"widget\" data-widget_type=\"heading.default\">\n\t\t\t\t<div class=\"elementor-widget-container\">\n\t\t\t<p class=\"elementor-heading-title elementor-size-default\">Per il gusto di esplorare ci\u00f2 che era Casa Howard nel passato, prima del grande rinnovo apportato da Bonifacio Leonardi, figlio di Jenifer e Max ed attuale Direttore, vi lasciamo questi piccoli stagli di melanconia. Se volete vedere l'attuale Casa Howard addentratevi nella galleria.<\/p>\t\t<\/div>\n\t\t\t\t<\/div>\n\t\t\t\t<div class=\"elementor-element elementor-element-744bc8e elementor-skin-carousel elementor-arrows-yes elementor-pagination-type-bullets elementor-pagination-position-outside elementor-widget elementor-widget-media-carousel\" data-id=\"744bc8e\" data-element_type=\"widget\" data-settings=\"{&quot;skin&quot;:&quot;carousel&quot;,&quot;effect&quot;:&quot;slide&quot;,&quot;show_arrows&quot;:&quot;yes&quot;,&quot;pagination&quot;:&quot;bullets&quot;,&quot;speed&quot;:500,&quot;autoplay&quot;:&quot;yes&quot;,&quot;autoplay_speed&quot;:5000,&quot;loop&quot;:&quot;yes&quot;,&quot;pause_on_hover&quot;:&quot;yes&quot;,&quot;pause_on_interaction&quot;:&quot;yes&quot;,&quot;space_between&quot;:{&quot;unit&quot;:&quot;px&quot;,&quot;size&quot;:10,&quot;sizes&quot;:[]},&quot;space_between_tablet&quot;:{&quot;unit&quot;:&quot;px&quot;,&quot;size&quot;:10,&quot;sizes&quot;:[]},&quot;space_between_mobile&quot;:{&quot;unit&quot;:&quot;px&quot;,&quot;size&quot;:10,&quot;sizes&quot;:[]}}\" data-widget_type=\"media-carousel.default\">\n\t\t\t\t<div class=\"elementor-widget-container\">\n\t\t\t\t\t<div class=\"elementor-swiper\">\n\t\t\t<div class=\"elementor-main-swiper swiper-container\">\n\t\t\t\t<div class=\"swiper-wrapper\">\n\t\t\t\t\t\t\t\t\t\t\t<div class=\"swiper-slide\">\n\t\t\t\t\t\t\t<a href=\"https:\/\/www.casahoward.com\/it\/wp-content\/uploads\/2019\/12\/LOGO_CASA_HOWARD.png\" data-elementor-open-lightbox=\"yes\" data-elementor-lightbox-slideshow=\"744bc8e\" data-elementor-lightbox-title=\"LOGO_CASA_HOWARD\" data-e-action-hash=\"#elementor-action%3Aaction%3Dlightbox%26settings%3DeyJpZCI6Ijc4IiwidXJsIjoiaHR0cHM6XC9cL3d3dy5jYXNhaG93YXJkLmNvbVwvaXRcL3dwLWNvbnRlbnRcL3VwbG9hZHNcL3NpdGVzXC80XC8yMDE5XC8xMlwvTE9HT19DQVNBX0hPV0FSRC5wbmciLCJzbGlkZXNob3ciOiI3NDRiYzhlIn0%3D\" data-elementor-lightbox-video=\"https:\/\/www.youtube.com\/embed\/baI4oNi5BbQ?feature=oembed&amp;autoplay=1&amp;rel=0&amp;controls=0\">\t\t<div class=\"elementor-carousel-image\" style=\"background-image: url(&#039;https:\/\/www.casahoward.com\/it\/wp-content\/uploads\/sites\/4\/2019\/12\/LOGO_CASA_HOWARD.png&#039;)\">\n\n\t\t\t\n\t\t\t\t\t\t\t<div class=\"elementor-custom-embed-play\">\n\t\t\t\t\t<i aria-hidden=\"true\" class=\"eicon-play\"><\/i>\t\t\t\t\t<span class=\"elementor-screen-only\">Play<\/span>\n\t\t\t\t<\/div>\n\t\t\t\t\t<\/div>\n\t\t<\/a>\t\t\t\t\t\t<\/div>\n\t\t\t\t\t\t\t\t\t\t\t<div class=\"swiper-slide\">\n\t\t\t\t\t\t\t<a href=\"https:\/\/www.casahoward.com\/it\/wp-content\/uploads\/2019\/12\/LOGO_CASA_HOWARD.png\" data-elementor-open-lightbox=\"yes\" data-elementor-lightbox-slideshow=\"744bc8e\" data-elementor-lightbox-title=\"LOGO_CASA_HOWARD\" data-e-action-hash=\"#elementor-action%3Aaction%3Dlightbox%26settings%3DeyJpZCI6Ijc4IiwidXJsIjoiaHR0cHM6XC9cL3d3dy5jYXNhaG93YXJkLmNvbVwvaXRcL3dwLWNvbnRlbnRcL3VwbG9hZHNcL3NpdGVzXC80XC8yMDE5XC8xMlwvTE9HT19DQVNBX0hPV0FSRC5wbmciLCJzbGlkZXNob3ciOiI3NDRiYzhlIn0%3D\" data-elementor-lightbox-video=\"https:\/\/www.youtube.com\/embed\/fUEN1mwbaGE?feature=oembed&amp;autoplay=1&amp;rel=0&amp;controls=0\">\t\t<div class=\"elementor-carousel-image\" style=\"background-image: url(&#039;https:\/\/www.casahoward.com\/it\/wp-content\/uploads\/sites\/4\/2019\/12\/LOGO_CASA_HOWARD.png&#039;)\">\n\n\t\t\t\n\t\t\t\t\t\t\t<div class=\"elementor-custom-embed-play\">\n\t\t\t\t\t<i aria-hidden=\"true\" class=\"eicon-play\"><\/i>\t\t\t\t\t<span class=\"elementor-screen-only\">Play<\/span>\n\t\t\t\t<\/div>\n\t\t\t\t\t<\/div>\n\t\t<\/a>\t\t\t\t\t\t<\/div>\n\t\t\t\t\t\t\t\t\t\t\t<div class=\"swiper-slide\">\n\t\t\t\t\t\t\t<a href=\"https:\/\/www.casahoward.com\/it\/wp-content\/uploads\/2019\/12\/LOGO_CASA_HOWARD.png\" data-elementor-open-lightbox=\"yes\" data-elementor-lightbox-slideshow=\"744bc8e\" data-elementor-lightbox-title=\"LOGO_CASA_HOWARD\" data-e-action-hash=\"#elementor-action%3Aaction%3Dlightbox%26settings%3DeyJpZCI6Ijc4IiwidXJsIjoiaHR0cHM6XC9cL3d3dy5jYXNhaG93YXJkLmNvbVwvaXRcL3dwLWNvbnRlbnRcL3VwbG9hZHNcL3NpdGVzXC80XC8yMDE5XC8xMlwvTE9HT19DQVNBX0hPV0FSRC5wbmciLCJzbGlkZXNob3ciOiI3NDRiYzhlIn0%3D\" data-elementor-lightbox-video=\"https:\/\/www.youtube.com\/embed\/EkRAavg4mmc?feature=oembed&amp;autoplay=1&amp;rel=0&amp;controls=0\">\t\t<div class=\"elementor-carousel-image\" style=\"background-image: url(&#039;https:\/\/www.casahoward.com\/it\/wp-content\/uploads\/sites\/4\/2019\/12\/LOGO_CASA_HOWARD.png&#039;)\">\n\n\t\t\t\n\t\t\t\t\t\t\t<div class=\"elementor-custom-embed-play\">\n\t\t\t\t\t<i aria-hidden=\"true\" class=\"eicon-play\"><\/i>\t\t\t\t\t<span class=\"elementor-screen-only\">Play<\/span>\n\t\t\t\t<\/div>\n\t\t\t\t\t<\/div>\n\t\t<\/a>\t\t\t\t\t\t<\/div>\n\t\t\t\t\t\t\t\t\t\t\t<div class=\"swiper-slide\">\n\t\t\t\t\t\t\t<a href=\"https:\/\/www.casahoward.com\/it\/wp-content\/uploads\/2019\/12\/LOGO_CASA_HOWARD.png\" data-elementor-open-lightbox=\"yes\" data-elementor-lightbox-slideshow=\"744bc8e\" data-elementor-lightbox-title=\"LOGO_CASA_HOWARD\" data-e-action-hash=\"#elementor-action%3Aaction%3Dlightbox%26settings%3DeyJpZCI6Ijc4IiwidXJsIjoiaHR0cHM6XC9cL3d3dy5jYXNhaG93YXJkLmNvbVwvaXRcL3dwLWNvbnRlbnRcL3VwbG9hZHNcL3NpdGVzXC80XC8yMDE5XC8xMlwvTE9HT19DQVNBX0hPV0FSRC5wbmciLCJzbGlkZXNob3ciOiI3NDRiYzhlIn0%3D\" data-elementor-lightbox-video=\"https:\/\/www.youtube.com\/embed\/oRf6hPNGkC0?feature=oembed&amp;autoplay=1&amp;rel=0&amp;controls=0\">\t\t<div class=\"elementor-carousel-image\" style=\"background-image: url(&#039;https:\/\/www.casahoward.com\/it\/wp-content\/uploads\/sites\/4\/2019\/12\/LOGO_CASA_HOWARD.png&#039;)\">\n\n\t\t\t\n\t\t\t\t\t\t\t<div class=\"elementor-custom-embed-play\">\n\t\t\t\t\t<i aria-hidden=\"true\" class=\"eicon-play\"><\/i>\t\t\t\t\t<span class=\"elementor-screen-only\">Play<\/span>\n\t\t\t\t<\/div>\n\t\t\t\t\t<\/div>\n\t\t<\/a>\t\t\t\t\t\t<\/div>\n\t\t\t\t\t\t\t\t\t\t\t<div class=\"swiper-slide\">\n\t\t\t\t\t\t\t<a href=\"https:\/\/www.casahoward.com\/it\/wp-content\/uploads\/2019\/12\/LOGO_CASA_HOWARD.png\" data-elementor-open-lightbox=\"yes\" data-elementor-lightbox-slideshow=\"744bc8e\" data-elementor-lightbox-title=\"LOGO_CASA_HOWARD\" data-e-action-hash=\"#elementor-action%3Aaction%3Dlightbox%26settings%3DeyJpZCI6Ijc4IiwidXJsIjoiaHR0cHM6XC9cL3d3dy5jYXNhaG93YXJkLmNvbVwvaXRcL3dwLWNvbnRlbnRcL3VwbG9hZHNcL3NpdGVzXC80XC8yMDE5XC8xMlwvTE9HT19DQVNBX0hPV0FSRC5wbmciLCJzbGlkZXNob3ciOiI3NDRiYzhlIn0%3D\" data-elementor-lightbox-video=\"https:\/\/www.youtube.com\/embed\/EOaS33OTy5s?feature=oembed&amp;autoplay=1&amp;rel=0&amp;controls=0\">\t\t<div class=\"elementor-carousel-image\" style=\"background-image: url(&#039;https:\/\/www.casahoward.com\/it\/wp-content\/uploads\/sites\/4\/2019\/12\/LOGO_CASA_HOWARD.png&#039;)\">\n\n\t\t\t\n\t\t\t\t\t\t\t<div class=\"elementor-custom-embed-play\">\n\t\t\t\t\t<i aria-hidden=\"true\" class=\"eicon-play\"><\/i>\t\t\t\t\t<span class=\"elementor-screen-only\">Play<\/span>\n\t\t\t\t<\/div>\n\t\t\t\t\t<\/div>\n\t\t<\/a>\t\t\t\t\t\t<\/div>\n\t\t\t\t\t\t\t\t\t\t\t<div class=\"swiper-slide\">\n\t\t\t\t\t\t\t<a href=\"https:\/\/www.casahoward.com\/it\/wp-content\/uploads\/2019\/12\/LOGO_CASA_HOWARD.png\" data-elementor-open-lightbox=\"yes\" data-elementor-lightbox-slideshow=\"744bc8e\" data-elementor-lightbox-title=\"LOGO_CASA_HOWARD\" data-e-action-hash=\"#elementor-action%3Aaction%3Dlightbox%26settings%3DeyJpZCI6Ijc4IiwidXJsIjoiaHR0cHM6XC9cL3d3dy5jYXNhaG93YXJkLmNvbVwvaXRcL3dwLWNvbnRlbnRcL3VwbG9hZHNcL3NpdGVzXC80XC8yMDE5XC8xMlwvTE9HT19DQVNBX0hPV0FSRC5wbmciLCJzbGlkZXNob3ciOiI3NDRiYzhlIn0%3D\" data-elementor-lightbox-video=\"https:\/\/www.youtube.com\/embed\/qtHNs56G_NM?feature=oembed&amp;autoplay=1&amp;rel=0&amp;controls=0\">\t\t<div class=\"elementor-carousel-image\" style=\"background-image: url(&#039;https:\/\/www.casahoward.com\/it\/wp-content\/uploads\/sites\/4\/2019\/12\/LOGO_CASA_HOWARD.png&#039;)\">\n\n\t\t\t\n\t\t\t\t\t\t\t<div class=\"elementor-custom-embed-play\">\n\t\t\t\t\t<i aria-hidden=\"true\" class=\"eicon-play\"><\/i>\t\t\t\t\t<span class=\"elementor-screen-only\">Play<\/span>\n\t\t\t\t<\/div>\n\t\t\t\t\t<\/div>\n\t\t<\/a>\t\t\t\t\t\t<\/div>\n\t\t\t\t\t\t\t\t\t<\/div>\n\t\t\t\t\t\t\t\t\t\t\t\t\t\t\t<div class=\"swiper-pagination\"><\/div>\n\t\t\t\t\t\t\t\t\t\t\t\t\t\t\t\t<div class=\"elementor-swiper-button elementor-swiper-button-prev\">\n\t\t\t\t\t\t\t<i aria-hidden=\"true\" class=\"eicon-chevron-left\"><\/i>\t\t\t\t\t\t\t<span class=\"elementor-screen-only\">Precedente<\/span>\n\t\t\t\t\t\t<\/div>\n\t\t\t\t\t\t<div class=\"elementor-swiper-button elementor-swiper-button-next\">\n\t\t\t\t\t\t\t<i aria-hidden=\"true\" class=\"eicon-chevron-right\"><\/i>\t\t\t\t\t\t\t<span class=\"elementor-screen-only\">Successivo<\/span>\n\t\t\t\t\t\t<\/div>\n\t\t\t\t\t\t\t\t\t\t\t\t<\/div>\n\t\t<\/div>\n\t\t\t\t<\/div>\n\t\t\t\t<\/div>\n\t\t\t\t\t\t<\/div>\n\t\t\t\t\t<\/div>\n\t\t<\/div>\n\t\t\t\t\t\t\t\t<\/div>\n\t\t\t\t\t<\/div>\n\t\t<\/section>\n\t\t\t\t<section class=\"elementor-section elementor-top-section elementor-element elementor-element-1aef7439 elementor-section-boxed elementor-section-height-default elementor-section-height-default\" data-id=\"1aef7439\" data-element_type=\"section\" data-settings=\"{&quot;background_background&quot;:&quot;classic&quot;}\">\n\t\t\t\t\t\t<div class=\"elementor-container elementor-column-gap-default\">\n\t\t\t\t\t\t\t<div class=\"elementor-row\">\n\t\t\t\t\t<div class=\"elementor-column elementor-col-100 elementor-top-column elementor-element elementor-element-772e6be3\" data-id=\"772e6be3\" data-element_type=\"column\">\n\t\t\t<div class=\"elementor-column-wrap elementor-element-populated\">\n\t\t\t\t\t\t\t<div class=\"elementor-widget-wrap\">\n\t\t\t\t\t\t<div class=\"elementor-element elementor-element-58ce2620 elementor-blockquote--skin-quotation elementor-blockquote--align-center elementor-blockquote--button-color-official elementor-widget elementor-widget-blockquote\" data-id=\"58ce2620\" data-element_type=\"widget\" data-widget_type=\"blockquote.default\">\n\t\t\t\t<div class=\"elementor-widget-container\">\n\t\t\t\t\t<blockquote class=\"elementor-blockquote\">\n\t\t\t<p class=\"elementor-blockquote__content\">\n\t\t\t\t\"Il look \u00e8 classico, intimo e vagamente eccentrico; l'enfasi, nelle tredici stanze altamente individuali, \u00e8 posta sulla qualit\u00e0 e i tessuti pregiati.\"\t\t\t<\/p>\n\t\t\t\t\t\t\t<div class=\"e-q-footer\">\n\t\t\t\t\t\t\t\t\t\t\t<cite class=\"elementor-blockquote__author\">Cond\u00e9 Nast Traveller<\/cite>\n\t\t\t\t\t\t\t\t\t\t\t\t\t\t<\/div>\n\t\t\t\t\t<\/blockquote>\n\t\t\t\t<\/div>\n\t\t\t\t<\/div>\n\t\t\t\t<section class=\"elementor-section elementor-inner-section elementor-element elementor-element-36a2076e elementor-section-boxed elementor-section-height-default elementor-section-height-default\" data-id=\"36a2076e\" data-element_type=\"section\">\n\t\t\t\t\t\t<div class=\"elementor-container elementor-column-gap-default\">\n\t\t\t\t\t\t\t<div class=\"elementor-row\">\n\t\t\t\t\t<div class=\"elementor-column elementor-col-50 elementor-inner-column elementor-element elementor-element-3e6ced6a\" data-id=\"3e6ced6a\" data-element_type=\"column\">\n\t\t\t<div class=\"elementor-column-wrap elementor-element-populated\">\n\t\t\t\t\t\t\t<div class=\"elementor-widget-wrap\">\n\t\t\t\t\t\t<div class=\"elementor-element elementor-element-11ab3e59 elementor-cta--skin-cover elementor-cta--valign-bottom elementor-animated-content elementor-bg-transform elementor-bg-transform-zoom-in elementor-widget elementor-widget-call-to-action\" data-id=\"11ab3e59\" data-element_type=\"widget\" data-widget_type=\"call-to-action.default\">\n\t\t\t\t<div class=\"elementor-widget-container\">\n\t\t\t\t\t<a class=\"elementor-cta\" href=\"http:\/\/#\">\n\t\t\t\t\t<div class=\"elementor-cta__bg-wrapper\">\n\t\t\t\t<div class=\"elementor-cta__bg elementor-bg\" style=\"background-image: url(https:\/\/www.casahoward.com\/it\/wp-content\/uploads\/sites\/4\/2023\/06\/C8BD3FCA-DD7F-4E71-ACDC-8F975F5C5E09-min-scaled.jpeg);\"><\/div>\n\t\t\t\t<div class=\"elementor-cta__bg-overlay\"><\/div>\n\t\t\t<\/div>\n\t\t\t\t\t\t\t<div class=\"elementor-cta__content\">\n\t\t\t\t\n\t\t\t\t<h2 class=\"elementor-cta__title elementor-cta__content-item elementor-content-item elementor-animated-item--grow\">Photo<\/h2>\n\t\t\t\t\n\t\t\t\t\t\t\t<\/div>\n\t\t\t\t\t\t<\/a>\n\t\t\t\t<\/div>\n\t\t\t\t<\/div>\n\t\t\t\t\t\t<\/div>\n\t\t\t\t\t<\/div>\n\t\t<\/div>\n\t\t\t\t<div class=\"elementor-column elementor-col-50 elementor-inner-column elementor-element elementor-element-e9d5a9c\" data-id=\"e9d5a9c\" data-element_type=\"column\">\n\t\t\t<div class=\"elementor-column-wrap elementor-element-populated\">\n\t\t\t\t\t\t\t<div class=\"elementor-widget-wrap\">\n\t\t\t\t\t\t<div class=\"elementor-element elementor-element-7cb4700f elementor-cta--skin-cover elementor-cta--valign-bottom elementor-animated-content elementor-bg-transform elementor-bg-transform-zoom-in elementor-widget elementor-widget-call-to-action\" data-id=\"7cb4700f\" data-element_type=\"widget\" data-widget_type=\"call-to-action.default\">\n\t\t\t\t<div class=\"elementor-widget-container\">\n\t\t\t\t\t<a class=\"elementor-cta\" href=\"http:\/\/#\">\n\t\t\t\t\t<div class=\"elementor-cta__bg-wrapper\">\n\t\t\t\t<div class=\"elementor-cta__bg elementor-bg\" style=\"background-image: url(https:\/\/www.casahoward.com\/it\/wp-content\/uploads\/sites\/4\/2023\/06\/35C96B15-1C8A-496A-8764-9B1D802EBBDA-min-scaled.jpeg);\"><\/div>\n\t\t\t\t<div class=\"elementor-cta__bg-overlay\"><\/div>\n\t\t\t<\/div>\n\t\t\t\t\t\t\t<div class=\"elementor-cta__content\">\n\t\t\t\t\n\t\t\t\t<h2 class=\"elementor-cta__title elementor-cta__content-item elementor-content-item elementor-animated-item--grow\">Video<\/h2>\n\t\t\t\t\n\t\t\t\t\t\t\t<\/div>\n\t\t\t\t\t\t<\/a>\n\t\t\t\t<\/div>\n\t\t\t\t<\/div>\n\t\t\t\t\t\t<\/div>\n\t\t\t\t\t<\/div>\n\t\t<\/div>\n\t\t\t\t\t\t\t\t<\/div>\n\t\t\t\t\t<\/div>\n\t\t<\/section>\n\t\t\t\t\t\t<\/div>\n\t\t\t\t\t<\/div>\n\t\t<\/div>\n\t\t\t\t\t\t\t\t<\/div>\n\t\t\t\t\t<\/div>\n\t\t<\/section>\n\t\t\t\t\t\t\t\t\t<\/div>\n\t\t\t<\/div>\n\t\t\t\t\t<\/div>\n\t\t","protected":false},"excerpt":{"rendered":"<p>Per il gusto di esplorare ci\u00f2 che era Casa Howard nel passato, prima del grande rinnovo apportato da Bonifacio Leonardi, figlio di Jenifer e Max ed attuale Direttore, vi lasciamo questi piccoli stagli di melanconia. Se volete vedere l&#8217;attuale Casa Howard addentratevi nella galleria. Play Play Play Play Play Play Precedente Successivo &#8220;Il look \u00e8 [&hellip;]<\/p>\n","protected":false},"author":1,"featured_media":0,"parent":0,"menu_order":0,"comment_status":"closed","ping_status":"closed","template":"elementor_header_footer","meta":[],"acf":[],"_links":{"self":[{"href":"https:\/\/www.casahoward.com\/it\/wp-json\/wp\/v2\/pages\/379"}],"collection":[{"href":"https:\/\/www.casahoward.com\/it\/wp-json\/wp\/v2\/pages"}],"about":[{"href":"https:\/\/www.casahoward.com\/it\/wp-json\/wp\/v2\/types\/page"}],"author":[{"embeddable":true,"href":"https:\/\/www.casahoward.com\/it\/wp-json\/wp\/v2\/users\/1"}],"replies":[{"embeddable":true,"href":"https:\/\/www.casahoward.com\/it\/wp-json\/wp\/v2\/comments?post=379"}],"version-history":[{"count":21,"href":"https:\/\/www.casahoward.com\/it\/wp-json\/wp\/v2\/pages\/379\/revisions"}],"predecessor-version":[{"id":3024,"href":"https:\/\/www.casahoward.com\/it\/wp-json\/wp\/v2\/pages\/379\/revisions\/3024"}],"wp:attachment":[{"href":"https:\/\/www.casahoward.com\/it\/wp-json\/wp\/v2\/media?parent=379"}],"curies":[{"name":"wp","href":"https:\/\/api.w.org\/{rel}","templated":true}]}}