{"id":491,"date":"2020-02-04T11:17:35","date_gmt":"2020-02-04T11:17:35","guid":{"rendered":"http:\/\/www.casahoward.com\/it\/?page_id=491"},"modified":"2026-03-18T09:58:17","modified_gmt":"2026-03-18T09:58:17","slug":"guest-house-hotel","status":"publish","type":"page","link":"https:\/\/www.casahoward.com\/it\/guest-house-hotel\/","title":{"rendered":"Philosofy"},"content":{"rendered":"\t\t<div data-elementor-type=\"wp-page\" data-elementor-id=\"491\" class=\"elementor elementor-491\">\n\t\t\t\t\t\t<div class=\"elementor-inner\">\n\t\t\t\t<div class=\"elementor-section-wrap\">\n\t\t\t\t\t\t\t\t\t<section class=\"elementor-section elementor-top-section elementor-element elementor-element-3ccccf64 elementor-section-full_width elementor-section-height-min-height elementor-section-height-default elementor-section-items-middle\" data-id=\"3ccccf64\" data-element_type=\"section\" data-settings=\"{&quot;background_background&quot;:&quot;classic&quot;}\">\n\t\t\t\t\t\t\t<div class=\"elementor-background-overlay\"><\/div>\n\t\t\t\t\t\t\t<div class=\"elementor-container elementor-column-gap-default\">\n\t\t\t\t\t\t\t<div class=\"elementor-row\">\n\t\t\t\t\t<div class=\"elementor-column elementor-col-100 elementor-top-column elementor-element elementor-element-7f8f77b4\" data-id=\"7f8f77b4\" data-element_type=\"column\">\n\t\t\t<div class=\"elementor-column-wrap\">\n\t\t\t\t\t\t\t<div class=\"elementor-widget-wrap\">\n\t\t\t\t\t\t\t\t<\/div>\n\t\t\t\t\t<\/div>\n\t\t<\/div>\n\t\t\t\t\t\t\t\t<\/div>\n\t\t\t\t\t<\/div>\n\t\t<\/section>\n\t\t\t\t<section class=\"elementor-section elementor-top-section elementor-element elementor-element-5edf130 elementor-hidden-desktop elementor-hidden-tablet elementor-section-boxed elementor-section-height-default elementor-section-height-default\" data-id=\"5edf130\" data-element_type=\"section\" data-settings=\"{&quot;background_background&quot;:&quot;classic&quot;,&quot;sticky&quot;:&quot;top&quot;,&quot;sticky_on&quot;:[&quot;mobile&quot;],&quot;sticky_offset_mobile&quot;:70,&quot;sticky_offset&quot;:0,&quot;sticky_effects_offset&quot;:0}\">\n\t\t\t\t\t\t<div class=\"elementor-container elementor-column-gap-default\">\n\t\t\t\t\t\t\t<div class=\"elementor-row\">\n\t\t\t\t\t<div class=\"elementor-column elementor-col-100 elementor-top-column elementor-element elementor-element-a4a78be\" data-id=\"a4a78be\" data-element_type=\"column\">\n\t\t\t<div class=\"elementor-column-wrap elementor-element-populated\">\n\t\t\t\t\t\t\t<div class=\"elementor-widget-wrap\">\n\t\t\t\t\t\t<div class=\"elementor-element elementor-element-fe69a40 elementor-hidden-tablet elementor-hidden-phone elementor-widget elementor-widget-heading\" data-id=\"fe69a40\" data-element_type=\"widget\" data-widget_type=\"heading.default\">\n\t\t\t\t<div class=\"elementor-widget-container\">\n\t\t\t<p class=\"elementor-heading-title elementor-size-default\">Situated in Florence\u2019s historical center, Casa Howard is the quintessence of a Boutique Hotel. <br><br>Our mission is to assure that you will be able to relax in the warm and welcoming atmosphere of a 16th century private residence, while benefitting from the high level of service provided by our attentive and experienced team. <br><br>Upon entering you will discover an eclectic private house, which will inevitably capture your heart. Each of Casa Howard\u2019s rooms and suites were designed and decorated to create a Florentine residence like no other. The combination of refined fabrics, local ceramics, elegant marble and post-modern furnishings define the individuality and personality of the property.\n\nIn this Historical Residence, you will breathe in the true essence of Tuscany together with the international influence of the owners.\n\nWe are proud to have set the bar for a new standard in hospitality and are here to create an experience which will not only be pleasurable but also memorable.<\/p>\t\t<\/div>\n\t\t\t\t<\/div>\n\t\t\t\t<div class=\"elementor-element elementor-element-fef5254 elementor-align-center elementor-mobile-align-justify elementor-widget elementor-widget-button\" data-id=\"fef5254\" data-element_type=\"widget\" data-widget_type=\"button.default\">\n\t\t\t\t<div class=\"elementor-widget-container\">\n\t\t\t\t\t<div class=\"elementor-button-wrapper\">\n\t\t\t<a href=\"https:\/\/book.blastness.com\/?id_albergo=4522&#038;dc=46546&#038;id_stile=250&#038;generic_codice=MOBILE&#038;_gfc_cli=17736786656212062&#038;currency=EUR&#038;language=it\" target=\"_blank\" class=\"elementor-button-link elementor-button elementor-size-xs\" role=\"button\">\n\t\t\t\t\t\t<span class=\"elementor-button-content-wrapper\">\n\t\t\t\t\t\t<span class=\"elementor-button-text\">PRENOTA<\/span>\n\t\t<\/span>\n\t\t\t\t\t<\/a>\n\t\t<\/div>\n\t\t\t\t<\/div>\n\t\t\t\t<\/div>\n\t\t\t\t\t\t<\/div>\n\t\t\t\t\t<\/div>\n\t\t<\/div>\n\t\t\t\t\t\t\t\t<\/div>\n\t\t\t\t\t<\/div>\n\t\t<\/section>\n\t\t\t\t<section class=\"elementor-section elementor-top-section elementor-element elementor-element-3483e146 elementor-section-boxed elementor-section-height-default elementor-section-height-default\" data-id=\"3483e146\" data-element_type=\"section\">\n\t\t\t\t\t\t<div class=\"elementor-container elementor-column-gap-default\">\n\t\t\t\t\t\t\t<div class=\"elementor-row\">\n\t\t\t\t\t<div class=\"elementor-column elementor-col-100 elementor-top-column elementor-element elementor-element-13b1768b\" data-id=\"13b1768b\" data-element_type=\"column\">\n\t\t\t<div class=\"elementor-column-wrap elementor-element-populated\">\n\t\t\t\t\t\t\t<div class=\"elementor-widget-wrap\">\n\t\t\t\t\t\t<div class=\"elementor-element elementor-element-5120b5c4 elementor-widget elementor-widget-heading\" data-id=\"5120b5c4\" data-element_type=\"widget\" data-widget_type=\"heading.default\">\n\t\t\t\t<div class=\"elementor-widget-container\">\n\t\t\t<h2 class=\"elementor-heading-title elementor-size-default\">FILOSOFIA<\/h2>\t\t<\/div>\n\t\t\t\t<\/div>\n\t\t\t\t<div class=\"elementor-element elementor-element-8390037 elementor-widget elementor-widget-image\" data-id=\"8390037\" data-element_type=\"widget\" data-widget_type=\"image.default\">\n\t\t\t\t<div class=\"elementor-widget-container\">\n\t\t\t\t\t\t\t\t<div class=\"elementor-image\">\n\t\t\t\t\t\t\t\t\t\t\t\t<img decoding=\"async\" width=\"768\" height=\"487\" src=\"https:\/\/www.casahoward.com\/it\/wp-content\/uploads\/sites\/4\/2023\/05\/Philosophy-1-768x487.jpg\" class=\"attachment-medium_large size-medium_large wp-image-2385\" alt=\"\" srcset=\"https:\/\/www.casahoward.com\/it\/wp-content\/uploads\/sites\/4\/2023\/05\/Philosophy-1-768x487.jpg 768w, https:\/\/www.casahoward.com\/it\/wp-content\/uploads\/sites\/4\/2023\/05\/Philosophy-1-300x190.jpg 300w, https:\/\/www.casahoward.com\/it\/wp-content\/uploads\/sites\/4\/2023\/05\/Philosophy-1-1024x650.jpg 1024w, https:\/\/www.casahoward.com\/it\/wp-content\/uploads\/sites\/4\/2023\/05\/Philosophy-1-1536x974.jpg 1536w, https:\/\/www.casahoward.com\/it\/wp-content\/uploads\/sites\/4\/2023\/05\/Philosophy-1.jpg 1841w\" sizes=\"(max-width: 768px) 100vw, 768px\" \/>\t\t\t\t\t\t\t\t\t\t\t\t\t\t<\/div>\n\t\t\t\t\t\t<\/div>\n\t\t\t\t<\/div>\n\t\t\t\t<div class=\"elementor-element elementor-element-7ce23d47 elementor-widget elementor-widget-heading\" data-id=\"7ce23d47\" data-element_type=\"widget\" data-widget_type=\"heading.default\">\n\t\t\t\t<div class=\"elementor-widget-container\">\n\t\t\t<p class=\"elementor-heading-title elementor-size-default\">Casa Howard nasce dalla visione di Jenifer Howard Forneris, e il suo desiderio di elevare, con il lusso pi\u00f9 raffinato, una casa intima e accogliente caratterizzata da interni su misura, tessuti pregiati, grandi finestre, e vasche da bagno in ghisa, preferibilmente in camera da letto. <br><br> Cresciuta nel mondo della moda, Jenifer sviluppa molto presto un forte stile personale ed un raffinato senso estetico lavorando con il padre Luciano Forneris, all'epoca IR Director di Vogue e L'Officiel, oltre che uno dei pi\u00f9 prominenti designer di tessuti di alta moda negli anni Sessanta e Settanta. <br><br>Il carattere ineguagliabile di casa Howard \u00e8 dato dall'unicit\u00e0 di ciascuna delle sue stanze, che combinano con armonia estetiche retr\u00f2 e post-moderne, creando un'atmosfera cosmopolita, fortemente influenzata dallo spirito internazionale dei proprietari. Tutto questo, combinato con l'attenzione della nostra Conciergerie, offre ai nostri Ospiti un'ospitalit\u00e0 come nessun'altra.<\/p>\t\t<\/div>\n\t\t\t\t<\/div>\n\t\t\t\t\t\t<\/div>\n\t\t\t\t\t<\/div>\n\t\t<\/div>\n\t\t\t\t\t\t\t\t<\/div>\n\t\t\t\t\t<\/div>\n\t\t<\/section>\n\t\t\t\t<section class=\"elementor-section elementor-top-section elementor-element elementor-element-24aa0793 elementor-section-boxed elementor-section-height-default elementor-section-height-default\" data-id=\"24aa0793\" data-element_type=\"section\" data-settings=\"{&quot;background_background&quot;:&quot;classic&quot;}\">\n\t\t\t\t\t\t<div class=\"elementor-container elementor-column-gap-default\">\n\t\t\t\t\t\t\t<div class=\"elementor-row\">\n\t\t\t\t\t<div class=\"elementor-column elementor-col-100 elementor-top-column elementor-element elementor-element-2c165e64\" data-id=\"2c165e64\" data-element_type=\"column\">\n\t\t\t<div class=\"elementor-column-wrap elementor-element-populated\">\n\t\t\t\t\t\t\t<div class=\"elementor-widget-wrap\">\n\t\t\t\t\t\t<div class=\"elementor-element elementor-element-609d6e1d elementor-blockquote--skin-quotation elementor-blockquote--align-center elementor-blockquote--button-color-official elementor-widget elementor-widget-blockquote\" data-id=\"609d6e1d\" data-element_type=\"widget\" data-widget_type=\"blockquote.default\">\n\t\t\t\t<div class=\"elementor-widget-container\">\n\t\t\t\t\t<blockquote class=\"elementor-blockquote\">\n\t\t\t<p class=\"elementor-blockquote__content\">\n\t\t\t\t\"Il look \u00e8 classico, intimo e vagamente eccentrico; l'enfasi, nelle tredici stanze altamente individuali, \u00e8 posta sulla qualit\u00e0 e i tessuti pregiati.\"\t\t\t<\/p>\n\t\t\t\t\t\t\t<div class=\"e-q-footer\">\n\t\t\t\t\t\t\t\t\t\t\t<cite class=\"elementor-blockquote__author\">Cond\u00e9 Nast Traveller<\/cite>\n\t\t\t\t\t\t\t\t\t\t\t\t\t\t<\/div>\n\t\t\t\t\t<\/blockquote>\n\t\t\t\t<\/div>\n\t\t\t\t<\/div>\n\t\t\t\t<section class=\"elementor-section elementor-inner-section elementor-element elementor-element-36610496 elementor-section-boxed elementor-section-height-default elementor-section-height-default\" data-id=\"36610496\" data-element_type=\"section\">\n\t\t\t\t\t\t<div class=\"elementor-container elementor-column-gap-default\">\n\t\t\t\t\t\t\t<div class=\"elementor-row\">\n\t\t\t\t\t<div class=\"elementor-column elementor-col-50 elementor-inner-column elementor-element elementor-element-7c289508\" data-id=\"7c289508\" data-element_type=\"column\">\n\t\t\t<div class=\"elementor-column-wrap elementor-element-populated\">\n\t\t\t\t\t\t\t<div class=\"elementor-widget-wrap\">\n\t\t\t\t\t\t<div class=\"elementor-element elementor-element-2506250e elementor-cta--skin-cover elementor-cta--valign-top elementor-animated-content elementor-bg-transform elementor-bg-transform-zoom-in elementor-widget elementor-widget-call-to-action\" data-id=\"2506250e\" data-element_type=\"widget\" data-widget_type=\"call-to-action.default\">\n\t\t\t\t<div class=\"elementor-widget-container\">\n\t\t\t\t\t<a class=\"elementor-cta\" href=\"https:\/\/www.casahoward.com\/it\/gallery\/\">\n\t\t\t\t\t<div class=\"elementor-cta__bg-wrapper\">\n\t\t\t\t<div class=\"elementor-cta__bg elementor-bg\" style=\"background-image: url(https:\/\/www.casahoward.com\/it\/wp-content\/uploads\/sites\/4\/2022\/11\/Casa_Howard_647-e1669717442658.jpg);\"><\/div>\n\t\t\t\t<div class=\"elementor-cta__bg-overlay\"><\/div>\n\t\t\t<\/div>\n\t\t\t\t\t\t\t<div class=\"elementor-cta__content\">\n\t\t\t\t\n\t\t\t\t<h2 class=\"elementor-cta__title elementor-cta__content-item elementor-content-item elementor-animated-item--grow\">Galleria<\/h2>\n\t\t\t\t\n\t\t\t\t\t\t\t<\/div>\n\t\t\t\t\t\t<\/a>\n\t\t\t\t<\/div>\n\t\t\t\t<\/div>\n\t\t\t\t\t\t<\/div>\n\t\t\t\t\t<\/div>\n\t\t<\/div>\n\t\t\t\t<div class=\"elementor-column elementor-col-50 elementor-inner-column elementor-element elementor-element-25fac24d\" data-id=\"25fac24d\" data-element_type=\"column\">\n\t\t\t<div class=\"elementor-column-wrap elementor-element-populated\">\n\t\t\t\t\t\t\t<div class=\"elementor-widget-wrap\">\n\t\t\t\t\t\t<div class=\"elementor-element elementor-element-4a920419 elementor-cta--skin-cover elementor-cta--valign-top elementor-animated-content elementor-bg-transform elementor-bg-transform-zoom-in elementor-widget elementor-widget-call-to-action\" data-id=\"4a920419\" data-element_type=\"widget\" data-widget_type=\"call-to-action.default\">\n\t\t\t\t<div class=\"elementor-widget-container\">\n\t\t\t\t\t<a class=\"elementor-cta\" href=\"https:\/\/www.casahoward.com\/it\/guest-house-videos-florence\/\">\n\t\t\t\t\t<div class=\"elementor-cta__bg-wrapper\">\n\t\t\t\t<div class=\"elementor-cta__bg elementor-bg\" style=\"background-image: url(https:\/\/www.casahoward.com\/it\/wp-content\/uploads\/sites\/4\/2022\/11\/Casa_Howard_126.jpg);\"><\/div>\n\t\t\t\t<div class=\"elementor-cta__bg-overlay\"><\/div>\n\t\t\t<\/div>\n\t\t\t\t\t\t\t<div class=\"elementor-cta__content\">\n\t\t\t\t\n\t\t\t\t<h2 class=\"elementor-cta__title elementor-cta__content-item elementor-content-item elementor-animated-item--grow\">Video<\/h2>\n\t\t\t\t\n\t\t\t\t\t\t\t<\/div>\n\t\t\t\t\t\t<\/a>\n\t\t\t\t<\/div>\n\t\t\t\t<\/div>\n\t\t\t\t\t\t<\/div>\n\t\t\t\t\t<\/div>\n\t\t<\/div>\n\t\t\t\t\t\t\t\t<\/div>\n\t\t\t\t\t<\/div>\n\t\t<\/section>\n\t\t\t\t\t\t<\/div>\n\t\t\t\t\t<\/div>\n\t\t<\/div>\n\t\t\t\t\t\t\t\t<\/div>\n\t\t\t\t\t<\/div>\n\t\t<\/section>\n\t\t\t\t\t\t\t\t\t<\/div>\n\t\t\t<\/div>\n\t\t\t\t\t<\/div>\n\t\t","protected":false},"excerpt":{"rendered":"<p>Situated in Florence\u2019s historical center, Casa Howard is the quintessence of a Boutique Hotel. Our mission is to assure that you will be able to relax in the warm and welcoming atmosphere of a 16th century private residence, while benefitting from the high level of service provided by our attentive and experienced team. Upon entering [&hellip;]<\/p>\n","protected":false},"author":1,"featured_media":0,"parent":0,"menu_order":0,"comment_status":"closed","ping_status":"closed","template":"","meta":[],"acf":[],"_links":{"self":[{"href":"https:\/\/www.casahoward.com\/it\/wp-json\/wp\/v2\/pages\/491"}],"collection":[{"href":"https:\/\/www.casahoward.com\/it\/wp-json\/wp\/v2\/pages"}],"about":[{"href":"https:\/\/www.casahoward.com\/it\/wp-json\/wp\/v2\/types\/page"}],"author":[{"embeddable":true,"href":"https:\/\/www.casahoward.com\/it\/wp-json\/wp\/v2\/users\/1"}],"replies":[{"embeddable":true,"href":"https:\/\/www.casahoward.com\/it\/wp-json\/wp\/v2\/comments?post=491"}],"version-history":[{"count":56,"href":"https:\/\/www.casahoward.com\/it\/wp-json\/wp\/v2\/pages\/491\/revisions"}],"predecessor-version":[{"id":3389,"href":"https:\/\/www.casahoward.com\/it\/wp-json\/wp\/v2\/pages\/491\/revisions\/3389"}],"wp:attachment":[{"href":"https:\/\/www.casahoward.com\/it\/wp-json\/wp\/v2\/media?parent=491"}],"curies":[{"name":"wp","href":"https:\/\/api.w.org\/{rel}","templated":true}]}}